{"id":17,"date":"2024-05-20T17:36:38","date_gmt":"2024-05-20T17:36:38","guid":{"rendered":"https:\/\/lgpdclientes.porte.com.br\/?page_id=17"},"modified":"2024-09-27T19:39:41","modified_gmt":"2024-09-27T19:39:41","slug":"home","status":"publish","type":"page","link":"https:\/\/lgpdclientes.porte.com.br\/","title":{"rendered":"Home"},"content":{"rendered":"<section class=\"bde-section-17-100 bde-section\">\n  \n  \n\t\n\n\n\n<div class=\"section-container\"><h1 class=\"bde-heading-17-101 bde-heading\">\nTermo de Consentimento LGPD\n<\/h1><h3 class=\"bde-heading-17-102 bde-heading\">\nPrefer\u00eancias clientes Porte Engenharia e Urbanismo\n<\/h3><\/div>\n<\/section><section class=\"bde-section-17-103 bde-section\">\n  \n  \n\t\n\n\n\n<div class=\"section-container\"><div class=\"bde-text-17-104 bde-text\">\nAtrav\u00e9s do aceite, manifesto meu consentimento livre, informado e inequ\u00edvoco para que a Empresa Porte Engenharia e Urbanismo, doravante denominada \"Controladora\", utilize meus dados pessoais conforme as disposi\u00e7\u00f5es da Lei Geral de Prote\u00e7\u00e3o de Dados (LGPD) e demais legisla\u00e7\u00f5es aplic\u00e1veis.<br>\n<\/div><div class=\"bde-text-17-105 bde-text\">\n<strong>Finalidade do Tratamento dos Dados:<\/strong><br>1.1. O tratamento dos meus dados pessoais ser\u00e1 realizado com a finalidade de conhecer melhor o cliente e oferecer benef\u00edcios e eventos personalizados por meio de um programa de relacionamento da Porte Engenharia e Urbanismo.\n<\/div><div class=\"bde-text-17-106 bde-text\">\n<strong>Dados Pessoais que ser\u00e3o Tratados:<\/strong><br>2.1. A Controladora poder\u00e1 coletar e tratar os seguintes dados pessoais do Titular dos Dados:<br>Nome completo; CPF; hobbies, prefer\u00eancias de produtos ou servi\u00e7os, interesses pessoais, preferencias esportivas, musicais, preferencias gastron\u00f4micas e demais informa\u00e7\u00f5es fornecidas pelo Titular dos Dados no \u00e2mbito do programa de relacionamento.\n<\/div><div class=\"bde-text-17-107 bde-text\">\n<strong>Compartilhamento dos Dados Pessoais:<\/strong><br>3.1. A Controladora poder\u00e1 compartilhar os dados pessoais do Titular com terceiros, desde que haja uma finalidade leg\u00edtima e espec\u00edfica, como parceiros comerciais que fornecem benef\u00edcios e eventos personalizados no \u00e2mbito do programa de relacionamento.<br>3.2. O compartilhamento dos dados pessoais ser\u00e1 realizado de forma segura e em conformidade com as disposi\u00e7\u00f5es legais de prote\u00e7\u00e3o de dados.\n<\/div><div class=\"bde-text-17-108 bde-text\">\n<strong>Prazo de Reten\u00e7\u00e3o dos Dados:<\/strong><br>4.1. Os dados pessoais do Titular ser\u00e3o retidos pela Controladora pelo tempo necess\u00e1rio para atingir a finalidade do tratamento, respeitando-se os prazos estabelecidos na legisla\u00e7\u00e3o aplic\u00e1vel.\n<\/div><div class=\"bde-text-17-109 bde-text\">\n<strong>Direitos do Titular dos Dados:<\/strong><br>5.1. O Titular dos Dados possui os seguintes direitos em rela\u00e7\u00e3o aos seus dados pessoais, conforme previsto na LGPD:<br>- Confirmar a exist\u00eancia do tratamento;<br>- Acessar seus dados pessoais;<br>- Corrigir dados incompletos, inexatos ou desatualizados;<br>- Anonimizar, bloquear ou eliminar dados desnecess\u00e1rios, excessivos ou tratados em desconformidade com a legisla\u00e7\u00e3o vigente;<br>- Obter informa\u00e7\u00f5es sobre as entidades p\u00fablicas ou privadas com as quais a Controladora compartilhou seus dados;<br>- Revogar o consentimento a qualquer momento;<br>- Solicitar a portabilidade dos seus dados para outro fornecedor de servi\u00e7o;<br>- Solicitar a elimina\u00e7\u00e3o dos seus dados pessoais;<br>- Requerer informa\u00e7\u00f5es sobre a possibilidade de n\u00e3o fornecer consentimento e sobre as consequ\u00eancias da negativa;<br>- Requerer a revis\u00e3o de decis\u00f5es automatizadas.\n<\/div><div class=\"bde-text-17-110 bde-text\">\n<strong>Seguran\u00e7a dos Dados:<\/strong><br>6.1. A Controladora adotar\u00e1 todas as medidas t\u00e9cnicas e organizacionais necess\u00e1rias para garantir a seguran\u00e7a dos dados pessoais do Titular, evitando o acesso n\u00e3o autorizado, a perda ou divulga\u00e7\u00e3o indevida.\n<\/div><div class=\"bde-text-17-111 bde-text\">\n<strong>Disposi\u00e7\u00f5es Finais:<\/strong><br>7.1. Este termo de consentimento tem validade a partir do seu aceite, permanecendo em vigor at\u00e9 o t\u00e9rmino do programa de relacionamento ou at\u00e9 que seja revogado por escrito pelo Titular dos Dados.<br>7.2. O Titular dos Dados reconhece que a recusa em fornecer ou a revoga\u00e7\u00e3o do consentimento para o tratamento dos dados pessoais poder\u00e1 implicar na impossibilidade de participa\u00e7\u00e3o no programa de relacionamento e no recebimento dos benef\u00edcios e eventos personalizados.<br>7.3. Quaisquer d\u00favidas, solicita\u00e7\u00f5es ou comunica\u00e7\u00f5es relacionadas a este termo de consentimento dever\u00e3o ser encaminhadas por escrito para a Controladora, por meio dos canais de contato disponibilizados.\u201d\n<\/div><\/div>\n<\/section>","protected":false},"excerpt":{"rendered":"<p>Termo de Consentimento LGPD Prefer\u00eancias clientes Porte Engenharia e Urbanismo Atrav\u00e9s do aceite, manifesto meu consentimento livre, informado e inequ\u00edvoco para que a Empresa Porte Engenharia e Urbanismo, doravante denominada &#8220;Controladora&#8221;, utilize meus dados pessoais conforme as disposi\u00e7\u00f5es da Lei Geral de Prote\u00e7\u00e3o de Dados (LGPD) e demais legisla\u00e7\u00f5es aplic\u00e1veis. Finalidade do Tratamento dos Dados:1.1. [&hellip;]<\/p>\n","protected":false},"author":1,"featured_media":0,"parent":0,"menu_order":0,"comment_status":"closed","ping_status":"closed","template":"","meta":{"_breakdance_hide_in_design_set":false,"_breakdance_tags":"","footnotes":""},"class_list":["post-17","page","type-page","status-publish","hentry"],"_links":{"self":[{"href":"https:\/\/lgpdclientes.porte.com.br\/index.php?rest_route=\/wp\/v2\/pages\/17","targetHints":{"allow":["GET"]}}],"collection":[{"href":"https:\/\/lgpdclientes.porte.com.br\/index.php?rest_route=\/wp\/v2\/pages"}],"about":[{"href":"https:\/\/lgpdclientes.porte.com.br\/index.php?rest_route=\/wp\/v2\/types\/page"}],"author":[{"embeddable":true,"href":"https:\/\/lgpdclientes.porte.com.br\/index.php?rest_route=\/wp\/v2\/users\/1"}],"replies":[{"embeddable":true,"href":"https:\/\/lgpdclientes.porte.com.br\/index.php?rest_route=%2Fwp%2Fv2%2Fcomments&post=17"}],"version-history":[{"count":15,"href":"https:\/\/lgpdclientes.porte.com.br\/index.php?rest_route=\/wp\/v2\/pages\/17\/revisions"}],"predecessor-version":[{"id":48,"href":"https:\/\/lgpdclientes.porte.com.br\/index.php?rest_route=\/wp\/v2\/pages\/17\/revisions\/48"}],"wp:attachment":[{"href":"https:\/\/lgpdclientes.porte.com.br\/index.php?rest_route=%2Fwp%2Fv2%2Fmedia&parent=17"}],"curies":[{"name":"wp","href":"https:\/\/api.w.org\/{rel}","templated":true}]}}